{"id":859,"date":"2019-12-22T18:49:49","date_gmt":"2019-12-22T18:49:49","guid":{"rendered":"http:\/\/www.lemore-legal.com\/equipe"},"modified":"2022-01-29T18:22:17","modified_gmt":"2022-01-29T16:22:17","slug":"team","status":"publish","type":"page","link":"https:\/\/lemore-legal.com\/en\/team","title":{"rendered":"Team"},"content":{"rendered":"<p>[vc_section full_width=&#8221;stretch_row&#8221; css=&#8221;.vc_custom_1621609869979{background-color: #f9f9f9 !important;}&#8221;][vc_row][vc_column width=&#8221;1\/2&#8243;]<h1 class=\"headline font-inherit fontsize-l fontweight-inherit lh-inherit align-left transform-inherit \" style=\"margin: 0 0 0 0; color: #000000;\">Pauline LE MORE<\/h1><h2 class=\"headline font-inherit fontsize-inherit fontweight-inherit lh-inherit align-left transform-inherit \" style=\"margin: 0 0 0 0;\">Partner, specialized in real estate law<\/h2>[vc_column_text]<\/p>\n<ul>\n<li>Pauline LE MORE is admitted to the Paris bar since 2005.<\/li>\n<li>She obtained a master in European law (<em>DEA en droit de l\u2019Union Europ\u00e9enne) <\/em>at the Paris II-Assas University, a LL.M. Paris\/K\u00f6ln at the University of Cologne (Germany) and a LL.M. in international business law at McGill University (Canada)<\/li>\n<li>She mostly assists French and international clients in commercial (including antitrust) and real estate laws.<\/li>\n<li>She works for legal publishing groups on a regular basis, notably the specialized real estate law review <em>AJDI<\/em> (Dalloz Editor) and Otto Schmid Verlag (German Editor)<\/li>\n<li>She also trains together with her colleague Marc GANILSY in France and abroad legal sessions dedicated to real estate and commercial laws, notably in collaboration with the organization Dalloz Formation.<\/li>\n<li>Languages : French, English, German<\/li>\n<\/ul>\n<p>[\/vc_column_text][\/vc_column][vc_column width=&#8221;1\/2&#8243;]<div class=\"single_image wpb_content_element align-center    \" data-animation=\"none\" data-delay=\"0\"><img loading=\"lazy\" decoding=\"async\" width=\"400\" height=\"400\" src=\"https:\/\/lemore-legal.com\/wp-content\/uploads\/2021\/05\/Pauline400.png\" class=\"attachment-full\" alt=\"\" srcset=\"https:\/\/lemore-legal.com\/wp-content\/uploads\/2021\/05\/Pauline400.png 400w, https:\/\/lemore-legal.com\/wp-content\/uploads\/2021\/05\/Pauline400-300x300.png 300w, https:\/\/lemore-legal.com\/wp-content\/uploads\/2021\/05\/Pauline400-150x150.png 150w, https:\/\/lemore-legal.com\/wp-content\/uploads\/2021\/05\/Pauline400-80x80.png 80w\" sizes=\"auto, (max-width: 400px) 100vw, 400px\" \/><\/div>[\/vc_column][\/vc_row][\/vc_section][vc_section full_width=&#8221;stretch_row&#8221;][vc_row][vc_column width=&#8221;1\/2&#8243;]<div class=\"single_image wpb_content_element align-center    \" data-animation=\"none\" data-delay=\"0\"><img loading=\"lazy\" decoding=\"async\" width=\"400\" height=\"400\" src=\"https:\/\/lemore-legal.com\/wp-content\/uploads\/2021\/05\/Marc400.png\" class=\"attachment-full\" alt=\"\" srcset=\"https:\/\/lemore-legal.com\/wp-content\/uploads\/2021\/05\/Marc400.png 400w, https:\/\/lemore-legal.com\/wp-content\/uploads\/2021\/05\/Marc400-300x300.png 300w, https:\/\/lemore-legal.com\/wp-content\/uploads\/2021\/05\/Marc400-150x150.png 150w, https:\/\/lemore-legal.com\/wp-content\/uploads\/2021\/05\/Marc400-80x80.png 80w\" sizes=\"auto, (max-width: 400px) 100vw, 400px\" \/><\/div>[\/vc_column][vc_column width=&#8221;1\/2&#8243;]<h1 class=\"headline font-inherit fontsize-l fontweight-inherit lh-inherit align-left transform-inherit \" style=\"margin: 0 0 0 0; color: #000000;\">Marc GANILSY<\/h1><h2 class=\"headline font-inherit fontsize-inherit fontweight-inherit lh-inherit align-left transform-inherit \" style=\"margin: 0 0 0 0;\">Partner<\/h2>[vc_column_text]<\/p>\n<ul>\n<li>Marc GANILSY is admitted at the Paris bar since 2000.<\/li>\n<li>He obtained a master in business law at the University Panth\u00e9on-Sorbonne and another master in new technologies (<em>DESS en droit de l\u2019expertise<\/em>) at the University Paris II-Assas<\/li>\n<li>He practices in business law, real estate law and criminal law for companies and private clients. He is in particular a referent in criminal law for the Paris bar association.<\/li>\n<li>He teaches at the University Paris II-Assas&#8217; legal clinic.<\/li>\n<li>He publishes various articles in legal reviews, such as the review <em>AJDI<\/em> dedicated to real estate law<\/li>\n<li>He performs training sessions at Dalloz Formation in real estate law.<\/li>\n<li>Languages : French, English<\/li>\n<\/ul>\n<p>[\/vc_column_text][\/vc_column][\/vc_row][\/vc_section][vc_section full_width=&#8221;stretch_row&#8221; css=&#8221;.vc_custom_1621609882255{background-color: #f9f9f9 !important;}&#8221;][vc_row][vc_column width=&#8221;1\/2&#8243;]<h1 class=\"headline font-inherit fontsize-l fontweight-inherit lh-inherit align-left transform-inherit \" style=\"margin: 0 0 0 0; color: #000000;\">Christelle DE KUYPER<\/h1><h2 class=\"headline font-inherit fontsize-inherit fontweight-inherit lh-inherit align-left transform-inherit \" style=\"margin: 0 0 0 0;\">Associate <\/h2>[vc_column_text]<\/p>\n<ul>\n<li>Christelle DE KUYPER est avocate au barreau de Paris depuis 2014.<\/li>\n<li>Dipl\u00f4m\u00e9e d\u2019un Master II en droit europ\u00e9en de l\u2019Universit\u00e9 Panth\u00e9on Sorbonne<\/li>\n<li>Intervient en droit immobilier, pr\u00e9judice corporel et plus g\u00e9n\u00e9ralement en contentieux des affaires<\/li>\n<li>Charg\u00e9 d&#8217;enseignement au sein de la Maison du droit de l&#8217;Universit\u00e9 Paris II-Assas<\/li>\n<li>Langues\u00a0: Fran\u00e7ais, Anglais<\/li>\n<\/ul>\n<p>[\/vc_column_text][\/vc_column][vc_column width=&#8221;1\/2&#8243;]<div class=\"single_image wpb_content_element align-center    \" data-animation=\"none\" data-delay=\"0\"><img loading=\"lazy\" decoding=\"async\" width=\"400\" height=\"400\" src=\"https:\/\/lemore-legal.com\/wp-content\/uploads\/2021\/05\/Christelle400.png\" class=\"attachment-full\" alt=\"\" srcset=\"https:\/\/lemore-legal.com\/wp-content\/uploads\/2021\/05\/Christelle400.png 400w, https:\/\/lemore-legal.com\/wp-content\/uploads\/2021\/05\/Christelle400-300x300.png 300w, https:\/\/lemore-legal.com\/wp-content\/uploads\/2021\/05\/Christelle400-150x150.png 150w, https:\/\/lemore-legal.com\/wp-content\/uploads\/2021\/05\/Christelle400-80x80.png 80w\" sizes=\"auto, (max-width: 400px) 100vw, 400px\" \/><\/div>[\/vc_column][\/vc_row][\/vc_section][vc_row][vc_column width=&#8221;1\/1&#8243;]<div class=\"spacer\" style=\"height: 40px;\"><\/div>[vc_column_text]Without forgetting our assistant Mrs. M\u00e9lissa HACHEMI.[\/vc_column_text][\/vc_column][\/vc_row]<\/p>\n","protected":false},"excerpt":{"rendered":"<p>[vc_section full_width=&#8221;stretch_row&#8221; css=&#8221;.vc_custom_1621609869979{background-color: #f9f9f9 !important;}&#8221;][vc_row][vc_column width=&#8221;1\/2&#8243;][vc_column_text] Pauline LE MORE is admitted to the Paris bar since 2005. She obtained a master in European law (DEA en droit de l\u2019Union Europ\u00e9enne) at the Paris II-Assas University, a LL.M. Paris\/K\u00f6ln at the University of Cologne (Germany) and a LL.M. in international business law at McGill University (Canada) She mostly assists French and international clients in commercial (including antitrust) and real estate laws. She works for legal publishing groups on a regular basis, notably the specialized real estate law review AJDI (Dalloz Editor) and Otto Schmid Verlag (German Editor) She also trains together with her colleague Marc GANILSY in France and abroad legal sessions dedicated to real estate and commercial laws, notably in collaboration with the organization Dalloz Formation. Languages : French, English, German [\/vc_column_text][\/vc_column][vc_column width=&#8221;1\/2&#8243;][\/vc_column][\/vc_row][\/vc_section][vc_section full_width=&#8221;stretch_row&#8221;][vc_row][vc_column width=&#8221;1\/2&#8243;][\/vc_column][vc_column width=&#8221;1\/2&#8243;][vc_column_text] Marc GANILSY is admitted at the Paris bar since 2000. He obtained a master in business law at the University Panth\u00e9on-Sorbonne and another master in new technologies (DESS en droit de l\u2019expertise) at the University Paris II-Assas He practices in business law, real estate law and criminal law for companies and private clients. He is in particular a referent in criminal law for the [&hellip;]<\/p>\n","protected":false},"author":1,"featured_media":0,"parent":0,"menu_order":0,"comment_status":"closed","ping_status":"closed","template":"","meta":{"footnotes":""},"class_list":["post-859","page","type-page","status-publish","hentry"],"yoast_head":"<!-- This site is optimized with the Yoast SEO plugin v16.6 - https:\/\/yoast.com\/wordpress\/plugins\/seo\/ -->\n<meta name=\"robots\" content=\"index, follow, max-snippet:-1, max-image-preview:large, max-video-preview:-1\" \/>\n<link rel=\"canonical\" href=\"https:\/\/lemore-legal.com\/en\/team\" \/>\n<meta property=\"og:locale\" content=\"en_US\" \/>\n<meta property=\"og:type\" content=\"article\" \/>\n<meta property=\"og:title\" content=\"Team - LEGAN AVOCATS\" \/>\n<meta property=\"og:description\" content=\"[vc_section full_width=&#8221;stretch_row&#8221; css=&#8221;.vc_custom_1621609869979{background-color: #f9f9f9 !important;}&#8221;][vc_row][vc_column width=&#8221;1\/2&#8243;][vc_column_text] Pauline LE MORE is admitted to the Paris bar since 2005. She obtained a master in European law (DEA en droit de l\u2019Union Europ\u00e9enne) at the Paris II-Assas University, a LL.M. Paris\/K\u00f6ln at the University of Cologne (Germany) and a LL.M. in international business law at McGill University (Canada) She mostly assists French and international clients in commercial (including antitrust) and real estate laws. She works for legal publishing groups on a regular basis, notably the specialized real estate law review AJDI (Dalloz Editor) and Otto Schmid Verlag (German Editor) She also trains together with her colleague Marc GANILSY in France and abroad legal sessions dedicated to real estate and commercial laws, notably in collaboration with the organization Dalloz Formation. Languages : French, English, German [\/vc_column_text][\/vc_column][vc_column width=&#8221;1\/2&#8243;][\/vc_column][\/vc_row][\/vc_section][vc_section full_width=&#8221;stretch_row&#8221;][vc_row][vc_column width=&#8221;1\/2&#8243;][\/vc_column][vc_column width=&#8221;1\/2&#8243;][vc_column_text] Marc GANILSY is admitted at the Paris bar since 2000. He obtained a master in business law at the University Panth\u00e9on-Sorbonne and another master in new technologies (DESS en droit de l\u2019expertise) at the University Paris II-Assas He practices in business law, real estate law and criminal law for companies and private clients. He is in particular a referent in criminal law for the [&hellip;]\" \/>\n<meta property=\"og:url\" content=\"https:\/\/lemore-legal.com\/en\/team\" \/>\n<meta property=\"og:site_name\" content=\"LEGAN AVOCATS\" \/>\n<meta property=\"article:modified_time\" content=\"2022-01-29T16:22:17+00:00\" \/>\n<meta name=\"twitter:card\" content=\"summary\" \/>\n<meta name=\"twitter:label1\" content=\"Est. reading time\" \/>\n\t<meta name=\"twitter:data1\" content=\"2 minutes\" \/>\n<script type=\"application\/ld+json\" class=\"yoast-schema-graph\">{\"@context\":\"https:\/\/schema.org\",\"@graph\":[{\"@type\":\"WebSite\",\"@id\":\"https:\/\/lemore-legal.com\/#website\",\"url\":\"https:\/\/lemore-legal.com\/\",\"name\":\"LEGAN AVOCATS\",\"description\":\"\",\"potentialAction\":[{\"@type\":\"SearchAction\",\"target\":{\"@type\":\"EntryPoint\",\"urlTemplate\":\"https:\/\/lemore-legal.com\/?s={search_term_string}\"},\"query-input\":\"required name=search_term_string\"}],\"inLanguage\":\"en-US\"},{\"@type\":\"WebPage\",\"@id\":\"https:\/\/lemore-legal.com\/en\/team#webpage\",\"url\":\"https:\/\/lemore-legal.com\/en\/team\",\"name\":\"Team - LEGAN AVOCATS\",\"isPartOf\":{\"@id\":\"https:\/\/lemore-legal.com\/#website\"},\"datePublished\":\"2019-12-22T18:49:49+00:00\",\"dateModified\":\"2022-01-29T16:22:17+00:00\",\"breadcrumb\":{\"@id\":\"https:\/\/lemore-legal.com\/en\/team#breadcrumb\"},\"inLanguage\":\"en-US\",\"potentialAction\":[{\"@type\":\"ReadAction\",\"target\":[\"https:\/\/lemore-legal.com\/en\/team\"]}]},{\"@type\":\"BreadcrumbList\",\"@id\":\"https:\/\/lemore-legal.com\/en\/team#breadcrumb\",\"itemListElement\":[{\"@type\":\"ListItem\",\"position\":1,\"name\":\"Accueil\",\"item\":\"https:\/\/lemore-legal.com\/en\"},{\"@type\":\"ListItem\",\"position\":2,\"name\":\"Team\"}]}]}<\/script>\n<!-- \/ Yoast SEO plugin. -->","_links":{"self":[{"href":"https:\/\/lemore-legal.com\/en\/wp-json\/wp\/v2\/pages\/859","targetHints":{"allow":["GET"]}}],"collection":[{"href":"https:\/\/lemore-legal.com\/en\/wp-json\/wp\/v2\/pages"}],"about":[{"href":"https:\/\/lemore-legal.com\/en\/wp-json\/wp\/v2\/types\/page"}],"author":[{"embeddable":true,"href":"https:\/\/lemore-legal.com\/en\/wp-json\/wp\/v2\/users\/1"}],"replies":[{"embeddable":true,"href":"https:\/\/lemore-legal.com\/en\/wp-json\/wp\/v2\/comments?post=859"}],"version-history":[{"count":8,"href":"https:\/\/lemore-legal.com\/en\/wp-json\/wp\/v2\/pages\/859\/revisions"}],"predecessor-version":[{"id":1365,"href":"https:\/\/lemore-legal.com\/en\/wp-json\/wp\/v2\/pages\/859\/revisions\/1365"}],"wp:attachment":[{"href":"https:\/\/lemore-legal.com\/en\/wp-json\/wp\/v2\/media?parent=859"}],"curies":[{"name":"wp","href":"https:\/\/api.w.org\/{rel}","templated":true}]}}