{"id":872,"date":"2019-12-22T18:49:49","date_gmt":"2019-12-22T18:49:49","guid":{"rendered":"http:\/\/www.lemore-legal.com\/equipe"},"modified":"2022-01-29T18:23:19","modified_gmt":"2022-01-29T16:23:19","slug":"team","status":"publish","type":"page","link":"https:\/\/lemore-legal.com\/de\/team","title":{"rendered":"Team"},"content":{"rendered":"<p>[vc_section full_width=&#8220;stretch_row&#8220; css=&#8220;.vc_custom_1621609869979{background-color: #f9f9f9 !important;}&#8220;][vc_row][vc_column width=&#8220;1\/2&#8243;]<h1 class=\"headline font-inherit fontsize-l fontweight-inherit lh-inherit align-left transform-inherit \" style=\"margin: 0 0 0 0; color: #000000;\">Pauline LE MORE<\/h1><h2 class=\"headline font-inherit fontsize-inherit fontweight-inherit lh-inherit align-left transform-inherit \" style=\"margin: 0 0 0 0;\">Partner, Fachanwalt im Immobilienrecht<\/h2>[vc_column_text]<\/p>\n<ul>\n<li>Pauline LE MORE ist seit 2005 <em>avocat \u00e0 la Cour <\/em>in Paris.<\/li>\n<li>Ausbildung: LL.M. Paris\/K\u00f6ln an der Universit\u00e4t zu K\u00f6ln, Masters an der Universit\u00e4t Paris I-Panth\u00e9on Sorbonne und Paris II-Assas, LL.M internationales Wirtschaftsrecht (Universit\u00e4t McGill, Kanada)<\/li>\n<li>Sie ist im Bereich Immobilien- und internationales Wirtschaftsrecht t\u00e4tig. Dabei umfasst Ihre T\u00e4tigkeit die Beratung sowie die Vertretung vor den Gerichten<\/li>\n<li>Sie arbeitet regelm\u00e4ssig mit Verlage, wie zum Beispiel Dalloz und Otto Schmid Verlag<\/li>\n<li>Sie leitet Ausbildungen im Bereich Immobilien- und Handelsrecht<\/li>\n<li>Sprachen : Deutsch, Franz\u00f6sisch, Englisch<\/li>\n<\/ul>\n<p>[\/vc_column_text][\/vc_column][vc_column width=&#8220;1\/2&#8243;]<div class=\"single_image wpb_content_element align-center    \" data-animation=\"none\" data-delay=\"0\"><img loading=\"lazy\" decoding=\"async\" width=\"400\" height=\"400\" src=\"https:\/\/lemore-legal.com\/wp-content\/uploads\/2021\/05\/Pauline400.png\" class=\"attachment-full\" alt=\"\" srcset=\"https:\/\/lemore-legal.com\/wp-content\/uploads\/2021\/05\/Pauline400.png 400w, https:\/\/lemore-legal.com\/wp-content\/uploads\/2021\/05\/Pauline400-300x300.png 300w, https:\/\/lemore-legal.com\/wp-content\/uploads\/2021\/05\/Pauline400-150x150.png 150w, https:\/\/lemore-legal.com\/wp-content\/uploads\/2021\/05\/Pauline400-80x80.png 80w\" sizes=\"auto, (max-width: 400px) 100vw, 400px\" \/><\/div>[\/vc_column][\/vc_row][\/vc_section][vc_section full_width=&#8220;stretch_row&#8220;][vc_row][vc_column width=&#8220;1\/2&#8243;]<div class=\"single_image wpb_content_element align-center    \" data-animation=\"none\" data-delay=\"0\"><img loading=\"lazy\" decoding=\"async\" width=\"400\" height=\"400\" src=\"https:\/\/lemore-legal.com\/wp-content\/uploads\/2021\/05\/Marc400.png\" class=\"attachment-full\" alt=\"\" srcset=\"https:\/\/lemore-legal.com\/wp-content\/uploads\/2021\/05\/Marc400.png 400w, https:\/\/lemore-legal.com\/wp-content\/uploads\/2021\/05\/Marc400-300x300.png 300w, https:\/\/lemore-legal.com\/wp-content\/uploads\/2021\/05\/Marc400-150x150.png 150w, https:\/\/lemore-legal.com\/wp-content\/uploads\/2021\/05\/Marc400-80x80.png 80w\" sizes=\"auto, (max-width: 400px) 100vw, 400px\" \/><\/div>[\/vc_column][vc_column width=&#8220;1\/2&#8243;]<h1 class=\"headline font-inherit fontsize-l fontweight-inherit lh-inherit align-left transform-inherit \" style=\"margin: 0 0 0 0; color: #000000;\">Marc GANILSY<\/h1><h2 class=\"headline font-inherit fontsize-inherit fontweight-inherit lh-inherit align-left transform-inherit \" style=\"margin: 0 0 0 0;\">Partner<\/h2>[vc_column_text]<\/p>\n<ul>\n<li>Marc GANILSY ist seit 2000 <em>avocat \u00e0 la Cour<\/em> in Paris.<\/li>\n<li>Ausbildung: Master mit Spezialisierung im Unternehmensrecht an der Universit\u00e4t Panth\u00e9on-Sorbonne und Master mit Spezialisierung in neuen Technologien\u00a0 an der Universit\u00e4t Paris II-Assas<\/li>\n<li>Er ist im Bereich Immobilien- und Handelsrecht sowie Strafrecht t\u00e4tig. Dabei ist er Referent f\u00fcr Strafsache bei der Anwaltskammer in Paris<\/li>\n<li>Er ist wissenschaftlicher Mitarbeiter bei dem <em>Maison du droit<\/em> an der Universit\u00e4t Panth\u00e9on-Assas<\/li>\n<li>Er ist Autor von verschiedenen Artikeln in leitenden juristischen Zeitschriften<\/li>\n<li>Er leitet Ausbildungen im Bereich Immobilien- und Strafrecht<\/li>\n<li>Sprachen : Franz\u00f6sisch, Englisch<\/li>\n<\/ul>\n<p>[\/vc_column_text][\/vc_column][\/vc_row][\/vc_section][vc_section full_width=&#8220;stretch_row&#8220; css=&#8220;.vc_custom_1621609882255{background-color: #f9f9f9 !important;}&#8220;][vc_row][vc_column width=&#8220;1\/2&#8243;]<h1 class=\"headline font-inherit fontsize-l fontweight-inherit lh-inherit align-left transform-inherit \" style=\"margin: 0 0 0 0; color: #000000;\">Christelle DE KUYPER<\/h1><h2 class=\"headline font-inherit fontsize-inherit fontweight-inherit lh-inherit align-left transform-inherit \" style=\"margin: 0 0 0 0;\">Associate <\/h2>[vc_column_text]<\/p>\n<ul>\n<li>Christelle DE KUYPER ist seit 2014 <em>avocat \u00e0 la Cour <\/em>in Paris.<\/li>\n<li>Ausbildung: Master II mit Spezialisierung in Europarecht an der Universit\u00e4t Panth\u00e9on Sorbonne<\/li>\n<li>Sie ist im Bereich Immobilien- und Handelsrecht sowie in K\u00f6rperverletzung t\u00e4tig.<\/li>\n<li>Sie leitet Ausbildungen bei dem <em>Maison du droit<\/em> an der Universit\u00e4t Paris II-Assas<\/li>\n<li>Sprachen : Franz\u00f6sisch, Englisch<\/li>\n<\/ul>\n<p>[\/vc_column_text][\/vc_column][vc_column width=&#8220;1\/2&#8243;]<div class=\"single_image wpb_content_element align-center    \" data-animation=\"none\" data-delay=\"0\"><img loading=\"lazy\" decoding=\"async\" width=\"400\" height=\"400\" src=\"https:\/\/lemore-legal.com\/wp-content\/uploads\/2021\/05\/Christelle400.png\" class=\"attachment-full\" alt=\"\" srcset=\"https:\/\/lemore-legal.com\/wp-content\/uploads\/2021\/05\/Christelle400.png 400w, https:\/\/lemore-legal.com\/wp-content\/uploads\/2021\/05\/Christelle400-300x300.png 300w, https:\/\/lemore-legal.com\/wp-content\/uploads\/2021\/05\/Christelle400-150x150.png 150w, https:\/\/lemore-legal.com\/wp-content\/uploads\/2021\/05\/Christelle400-80x80.png 80w\" sizes=\"auto, (max-width: 400px) 100vw, 400px\" \/><\/div>[\/vc_column][\/vc_row][\/vc_section][vc_row][vc_column width=&#8220;1\/1&#8243;]<div class=\"spacer\" style=\"height: 40px;\"><\/div>[vc_column_text]<br \/>\nOhne unsere Assistentin Frau M\u00e9lissa HACHEMI zu vergessen.[\/vc_column_text][\/vc_column][\/vc_row]<\/p>\n","protected":false},"excerpt":{"rendered":"<p>[vc_section full_width=&#8220;stretch_row&#8220; css=&#8220;.vc_custom_1621609869979{background-color: #f9f9f9 !important;}&#8220;][vc_row][vc_column width=&#8220;1\/2&#8243;][vc_column_text] Pauline LE MORE ist seit 2005 avocat \u00e0 la Cour in Paris. Ausbildung: LL.M. Paris\/K\u00f6ln an der Universit\u00e4t zu K\u00f6ln, Masters an der Universit\u00e4t Paris I-Panth\u00e9on Sorbonne und Paris II-Assas, LL.M internationales Wirtschaftsrecht (Universit\u00e4t McGill, Kanada) Sie ist im Bereich Immobilien- und internationales Wirtschaftsrecht t\u00e4tig. Dabei umfasst Ihre T\u00e4tigkeit die Beratung sowie die Vertretung vor den Gerichten Sie arbeitet regelm\u00e4ssig mit Verlage, wie zum Beispiel Dalloz und Otto Schmid Verlag Sie leitet Ausbildungen im Bereich Immobilien- und Handelsrecht Sprachen : Deutsch, Franz\u00f6sisch, Englisch [\/vc_column_text][\/vc_column][vc_column width=&#8220;1\/2&#8243;][\/vc_column][\/vc_row][\/vc_section][vc_section full_width=&#8220;stretch_row&#8220;][vc_row][vc_column width=&#8220;1\/2&#8243;][\/vc_column][vc_column width=&#8220;1\/2&#8243;][vc_column_text] Marc GANILSY ist seit 2000 avocat \u00e0 la Cour in Paris. Ausbildung: Master mit Spezialisierung im Unternehmensrecht an der Universit\u00e4t Panth\u00e9on-Sorbonne und Master mit Spezialisierung in neuen Technologien\u00a0 an der Universit\u00e4t Paris II-Assas Er ist im Bereich Immobilien- und Handelsrecht sowie Strafrecht t\u00e4tig. Dabei ist er Referent f\u00fcr Strafsache bei der Anwaltskammer in Paris Er ist wissenschaftlicher Mitarbeiter bei dem Maison du droit an der Universit\u00e4t Panth\u00e9on-Assas Er ist Autor von verschiedenen Artikeln in leitenden juristischen Zeitschriften Er leitet Ausbildungen im Bereich Immobilien- und Strafrecht Sprachen : Franz\u00f6sisch, Englisch [\/vc_column_text][\/vc_column][\/vc_row][\/vc_section][vc_section full_width=&#8220;stretch_row&#8220; css=&#8220;.vc_custom_1621609882255{background-color: #f9f9f9 !important;}&#8220;][vc_row][vc_column width=&#8220;1\/2&#8243;][vc_column_text] Christelle DE KUYPER ist seit 2014 avocat \u00e0 la Cour in [&hellip;]<\/p>\n","protected":false},"author":1,"featured_media":0,"parent":0,"menu_order":0,"comment_status":"closed","ping_status":"closed","template":"","meta":{"footnotes":""},"class_list":["post-872","page","type-page","status-publish","hentry"],"yoast_head":"<!-- This site is optimized with the Yoast SEO plugin v16.6 - https:\/\/yoast.com\/wordpress\/plugins\/seo\/ -->\n<meta name=\"robots\" content=\"index, follow, max-snippet:-1, max-image-preview:large, max-video-preview:-1\" \/>\n<link rel=\"canonical\" href=\"https:\/\/lemore-legal.com\/de\/team\" \/>\n<meta property=\"og:locale\" content=\"de_DE\" \/>\n<meta property=\"og:type\" content=\"article\" \/>\n<meta property=\"og:title\" content=\"Team - LEGAN AVOCATS\" \/>\n<meta property=\"og:description\" content=\"[vc_section full_width=&#8220;stretch_row&#8220; css=&#8220;.vc_custom_1621609869979{background-color: #f9f9f9 !important;}&#8220;][vc_row][vc_column width=&#8220;1\/2&#8243;][vc_column_text] Pauline LE MORE ist seit 2005 avocat \u00e0 la Cour in Paris. Ausbildung: LL.M. Paris\/K\u00f6ln an der Universit\u00e4t zu K\u00f6ln, Masters an der Universit\u00e4t Paris I-Panth\u00e9on Sorbonne und Paris II-Assas, LL.M internationales Wirtschaftsrecht (Universit\u00e4t McGill, Kanada) Sie ist im Bereich Immobilien- und internationales Wirtschaftsrecht t\u00e4tig. Dabei umfasst Ihre T\u00e4tigkeit die Beratung sowie die Vertretung vor den Gerichten Sie arbeitet regelm\u00e4ssig mit Verlage, wie zum Beispiel Dalloz und Otto Schmid Verlag Sie leitet Ausbildungen im Bereich Immobilien- und Handelsrecht Sprachen : Deutsch, Franz\u00f6sisch, Englisch [\/vc_column_text][\/vc_column][vc_column width=&#8220;1\/2&#8243;][\/vc_column][\/vc_row][\/vc_section][vc_section full_width=&#8220;stretch_row&#8220;][vc_row][vc_column width=&#8220;1\/2&#8243;][\/vc_column][vc_column width=&#8220;1\/2&#8243;][vc_column_text] Marc GANILSY ist seit 2000 avocat \u00e0 la Cour in Paris. Ausbildung: Master mit Spezialisierung im Unternehmensrecht an der Universit\u00e4t Panth\u00e9on-Sorbonne und Master mit Spezialisierung in neuen Technologien\u00a0 an der Universit\u00e4t Paris II-Assas Er ist im Bereich Immobilien- und Handelsrecht sowie Strafrecht t\u00e4tig. Dabei ist er Referent f\u00fcr Strafsache bei der Anwaltskammer in Paris Er ist wissenschaftlicher Mitarbeiter bei dem Maison du droit an der Universit\u00e4t Panth\u00e9on-Assas Er ist Autor von verschiedenen Artikeln in leitenden juristischen Zeitschriften Er leitet Ausbildungen im Bereich Immobilien- und Strafrecht Sprachen : Franz\u00f6sisch, Englisch [\/vc_column_text][\/vc_column][\/vc_row][\/vc_section][vc_section full_width=&#8220;stretch_row&#8220; css=&#8220;.vc_custom_1621609882255{background-color: #f9f9f9 !important;}&#8220;][vc_row][vc_column width=&#8220;1\/2&#8243;][vc_column_text] Christelle DE KUYPER ist seit 2014 avocat \u00e0 la Cour in [&hellip;]\" \/>\n<meta property=\"og:url\" content=\"https:\/\/lemore-legal.com\/de\/team\" \/>\n<meta property=\"og:site_name\" content=\"LEGAN AVOCATS\" \/>\n<meta property=\"article:modified_time\" content=\"2022-01-29T16:23:19+00:00\" \/>\n<meta name=\"twitter:card\" content=\"summary\" \/>\n<meta name=\"twitter:label1\" content=\"Gesch\u00e4tzte Lesezeit\" \/>\n\t<meta name=\"twitter:data1\" content=\"2\u00a0Minuten\" \/>\n<script type=\"application\/ld+json\" class=\"yoast-schema-graph\">{\"@context\":\"https:\/\/schema.org\",\"@graph\":[{\"@type\":\"WebSite\",\"@id\":\"https:\/\/lemore-legal.com\/#website\",\"url\":\"https:\/\/lemore-legal.com\/\",\"name\":\"LEGAN AVOCATS\",\"description\":\"\",\"potentialAction\":[{\"@type\":\"SearchAction\",\"target\":{\"@type\":\"EntryPoint\",\"urlTemplate\":\"https:\/\/lemore-legal.com\/?s={search_term_string}\"},\"query-input\":\"required name=search_term_string\"}],\"inLanguage\":\"de\"},{\"@type\":\"WebPage\",\"@id\":\"https:\/\/lemore-legal.com\/de\/team#webpage\",\"url\":\"https:\/\/lemore-legal.com\/de\/team\",\"name\":\"Team - LEGAN AVOCATS\",\"isPartOf\":{\"@id\":\"https:\/\/lemore-legal.com\/#website\"},\"datePublished\":\"2019-12-22T18:49:49+00:00\",\"dateModified\":\"2022-01-29T16:23:19+00:00\",\"breadcrumb\":{\"@id\":\"https:\/\/lemore-legal.com\/de\/team#breadcrumb\"},\"inLanguage\":\"de\",\"potentialAction\":[{\"@type\":\"ReadAction\",\"target\":[\"https:\/\/lemore-legal.com\/de\/team\"]}]},{\"@type\":\"BreadcrumbList\",\"@id\":\"https:\/\/lemore-legal.com\/de\/team#breadcrumb\",\"itemListElement\":[{\"@type\":\"ListItem\",\"position\":1,\"name\":\"Accueil\",\"item\":\"https:\/\/lemore-legal.com\/de\"},{\"@type\":\"ListItem\",\"position\":2,\"name\":\"Team\"}]}]}<\/script>\n<!-- \/ Yoast SEO plugin. -->","_links":{"self":[{"href":"https:\/\/lemore-legal.com\/de\/wp-json\/wp\/v2\/pages\/872","targetHints":{"allow":["GET"]}}],"collection":[{"href":"https:\/\/lemore-legal.com\/de\/wp-json\/wp\/v2\/pages"}],"about":[{"href":"https:\/\/lemore-legal.com\/de\/wp-json\/wp\/v2\/types\/page"}],"author":[{"embeddable":true,"href":"https:\/\/lemore-legal.com\/de\/wp-json\/wp\/v2\/users\/1"}],"replies":[{"embeddable":true,"href":"https:\/\/lemore-legal.com\/de\/wp-json\/wp\/v2\/comments?post=872"}],"version-history":[{"count":7,"href":"https:\/\/lemore-legal.com\/de\/wp-json\/wp\/v2\/pages\/872\/revisions"}],"predecessor-version":[{"id":1366,"href":"https:\/\/lemore-legal.com\/de\/wp-json\/wp\/v2\/pages\/872\/revisions\/1366"}],"wp:attachment":[{"href":"https:\/\/lemore-legal.com\/de\/wp-json\/wp\/v2\/media?parent=872"}],"curies":[{"name":"wp","href":"https:\/\/api.w.org\/{rel}","templated":true}]}}