{"id":528,"date":"2018-06-26T19:23:43","date_gmt":"2018-06-26T19:23:43","guid":{"rendered":"http:\/\/lemore-legal.com\/?page_id=528"},"modified":"2019-12-29T20:59:48","modified_gmt":"2019-12-29T20:59:48","slug":"philosophie","status":"publish","type":"page","link":"https:\/\/lemore-legal.com\/de\/philosophie","title":{"rendered":"Philosophie"},"content":{"rendered":"<p>[vc_row type=&#8220;full_width_section&#8220;][vc_column width=&#8220;1\/1&#8243;]<div class=\"flexslider wpb_content_element\"><ul class=\"slides\"><li><img decoding=\"async\" src=\"https:\/\/lemore-legal.com\/wp-content\/uploads\/2017\/01\/pont2.jpg\" alt=\"\" \/><\/li><\/ul><\/div>[\/vc_column][\/vc_row][vc_row top_padding=&#8220;30&#8243; bottom_padding=&#8220;30&#8243;][vc_column width=&#8220;1\/3&#8243;]<h1 class=\"headline font-inherit fontsize-l fontweight-inherit lh-inherit align-left transform-uppercase \" style=\"margin: 0 0 20px 0; color: #000000;\">Unsere Versprechen<\/h1><div class=\"divider divider5\" style='margin:0px 0 0px 0 !important;'><\/div>[\/vc_column][vc_column width=&#8220;2\/3&#8243;][vc_column_text]Weil der Anwaltsberuf vor allem bedeutet, Br\u00fccken zwischen Menschen, L\u00e4ndern und ihren Rechtsordnungen unter W\u00fcrdigung der Vertrauensbeziehung zwischen dem Anwalt und seinem Mandanten zu schlagen, verpflichtet sich LeGan Avocats, das h\u00f6chste Niveau an Transparenz, Ethik und Verschwiegenheit unter strenger Beachtung unserer berufsst\u00e4ndischen Regeln zu wahren. Die Ver\u00f6ffentlichungspraxis der Angeh\u00f6rigen der Kanzlei und die Teilnahme an zahlreichen Konferenzen erm\u00f6glichen es, die st\u00e4ndige Entwicklung des Rechts und der franz\u00f6sischen und internationalen Gesetzgebung zu verfolgen, was dazu beitr\u00e4gt, durch diese kontinuierlichen Aktualisierungen des Kenntnisstandes, jedem Fall die besten Gewinnchancen zu erm\u00f6glichen.[\/vc_column_text][\/vc_column][\/vc_row][vc_row][vc_column][vc_column_text]<br \/>\n[\/vc_column_text][\/vc_column][\/vc_row][vc_row bg_color=&#8220;#f2f2f2&#8243; top_padding=&#8220;30&#8243; bottom_padding=&#8220;30&#8243;][vc_column width=&#8220;1\/3&#8243;]<h1 class=\"headline font-inherit fontsize-l fontweight-inherit lh-inherit align-left transform-uppercase \" style=\"margin: 0 0 20px 0; color: #000000;\">\nHonorar<\/h1><div class=\"divider divider5\" style='margin:0px 0 0px 0 !important;'><\/div>[\/vc_column][vc_column width=&#8220;2\/3&#8243;][vc_column_text]Jede Leistung wird unter eine schriftliche Honorarvereinbarung zwischen der Kanzlei und dem Mandanten gestellt. Gem\u00e4\u00df Artikel 11.2 der Ordnung der Rechtsanwaltskammer Paris (R\u00e8glement int\u00e9rieur du Barreau de Paris) berechnet LeGan Avocats seine Leistungen auf der Grundlage von Honoraren, die die Art und die Schwierigkeit der Angelegenheit, die Erfahrung und die Eigenschaften der Sachbearbeiter, die Komplexit\u00e4t und die fachliche Schwierigkeit des entsprechenden Rechtsgebietes, der Anfall von Kosten und Auslagen f\u00fcr die Kanzlei, die finanzielle Lage des Mandanten, die Vorteile und Ergebnisse welche dem Mandanten aufgrund der Arbeit der Kanzlei zugutekommen, die aufgewendete Arbeitszeit und die Recherchearbeiten, in Betracht ziehen.[\/vc_column_text][\/vc_column][vc_column width=&#8220;1\/3&#8243;][\/vc_column][\/vc_row][vc_row top_padding=&#8220;30&#8243; bottom_padding=&#8220;30&#8243;][vc_column width=&#8220;1\/3&#8243;]<h1 class=\"headline font-inherit fontsize-l fontweight-inherit lh-inherit align-left transform-uppercase \" style=\"margin: 0 0 20px 0; color: #000000;\">Pro Bono<\/h1><div class=\"divider divider5\" style='margin:0px 0 0px 0 !important;'><\/div>[\/vc_column][vc_column width=&#8220;2\/3&#8243;][vc_column_text]LeGan Avocats ist seit mehreren Jahren in Pro bono-Verfahren, die auf lange Zeit angelegt sind, eingebunden. Ein Teil der ihrer Zeit ist dazu gewidmet, den \u00c4rmsten der Gesellschaft den Zugang zum Recht zu erleichtern. Die Kanzlei nimmt regelm\u00e4\u00dfig an den kostenlosen Rechtsberatungen im Bereich des Miet- und Sozialwohnungsrechts, die von der Rechtsanwaltskammer Paris organisiert werden teil und kann F\u00e4lle im Rahmen der Prozess- und Beratungskostenhilfe (Aide juridictionnelle) \u00fcbernehmen. Jedes Jahr \u00fcbernimmt sie Praktikanten der 8. Klasse einer Schule aus Corbeil-Essonnes, die in einer \u201eZone d\u2019Education Prioritaire\u201c, also einer Schule, die in einem sozial benachteiligten Viertel liegt.[\/vc_column_text][\/vc_column][\/vc_row]<\/p>\n","protected":false},"excerpt":{"rendered":"<p>[vc_row type=&#8220;full_width_section&#8220;][vc_column width=&#8220;1\/1&#8243;][\/vc_column][\/vc_row][vc_row top_padding=&#8220;30&#8243; bottom_padding=&#8220;30&#8243;][vc_column width=&#8220;1\/3&#8243;][\/vc_column][vc_column width=&#8220;2\/3&#8243;][vc_column_text]Weil der Anwaltsberuf vor allem bedeutet, Br\u00fccken zwischen Menschen, L\u00e4ndern und ihren Rechtsordnungen unter W\u00fcrdigung der Vertrauensbeziehung zwischen dem Anwalt und seinem Mandanten zu schlagen, verpflichtet sich LeGan Avocats, das h\u00f6chste Niveau an Transparenz, Ethik und Verschwiegenheit unter strenger Beachtung unserer berufsst\u00e4ndischen Regeln zu wahren. Die Ver\u00f6ffentlichungspraxis der Angeh\u00f6rigen der Kanzlei und die Teilnahme an zahlreichen Konferenzen erm\u00f6glichen es, die st\u00e4ndige Entwicklung des Rechts und der franz\u00f6sischen und internationalen Gesetzgebung zu verfolgen, was dazu beitr\u00e4gt, durch diese kontinuierlichen Aktualisierungen des Kenntnisstandes, jedem Fall die besten Gewinnchancen zu erm\u00f6glichen.[\/vc_column_text][\/vc_column][\/vc_row][vc_row][vc_column][vc_column_text] [\/vc_column_text][\/vc_column][\/vc_row][vc_row bg_color=&#8220;#f2f2f2&#8243; top_padding=&#8220;30&#8243; bottom_padding=&#8220;30&#8243;][vc_column width=&#8220;1\/3&#8243;][\/vc_column][vc_column width=&#8220;2\/3&#8243;][vc_column_text]Jede Leistung wird unter eine schriftliche Honorarvereinbarung zwischen der Kanzlei und dem Mandanten gestellt. Gem\u00e4\u00df Artikel 11.2 der Ordnung der Rechtsanwaltskammer Paris (R\u00e8glement int\u00e9rieur du Barreau de Paris) berechnet LeGan Avocats seine Leistungen auf der Grundlage von Honoraren, die die Art und die Schwierigkeit der Angelegenheit, die Erfahrung und die Eigenschaften der Sachbearbeiter, die Komplexit\u00e4t und die fachliche Schwierigkeit des entsprechenden Rechtsgebietes, der Anfall von Kosten und Auslagen f\u00fcr die Kanzlei, die finanzielle Lage des Mandanten, die Vorteile und Ergebnisse welche dem Mandanten aufgrund der Arbeit der Kanzlei zugutekommen, die aufgewendete Arbeitszeit und die Recherchearbeiten, in Betracht ziehen.[\/vc_column_text][\/vc_column][vc_column width=&#8220;1\/3&#8243;][\/vc_column][\/vc_row][vc_row top_padding=&#8220;30&#8243; bottom_padding=&#8220;30&#8243;][vc_column [&hellip;]<\/p>\n","protected":false},"author":1,"featured_media":0,"parent":0,"menu_order":3,"comment_status":"closed","ping_status":"closed","template":"","meta":{"footnotes":""},"class_list":["post-528","page","type-page","status-publish","hentry"],"yoast_head":"<!-- This site is optimized with the Yoast SEO plugin v16.6 - https:\/\/yoast.com\/wordpress\/plugins\/seo\/ -->\n<meta name=\"robots\" content=\"index, follow, max-snippet:-1, max-image-preview:large, max-video-preview:-1\" \/>\n<link rel=\"canonical\" href=\"https:\/\/lemore-legal.com\/de\/philosophie\" \/>\n<meta property=\"og:locale\" content=\"de_DE\" \/>\n<meta property=\"og:type\" content=\"article\" \/>\n<meta property=\"og:title\" content=\"Philosophie - LEGAN AVOCATS\" \/>\n<meta property=\"og:description\" content=\"[vc_row type=&#8220;full_width_section&#8220;][vc_column width=&#8220;1\/1&#8243;][\/vc_column][\/vc_row][vc_row top_padding=&#8220;30&#8243; bottom_padding=&#8220;30&#8243;][vc_column width=&#8220;1\/3&#8243;][\/vc_column][vc_column width=&#8220;2\/3&#8243;][vc_column_text]Weil der Anwaltsberuf vor allem bedeutet, Br\u00fccken zwischen Menschen, L\u00e4ndern und ihren Rechtsordnungen unter W\u00fcrdigung der Vertrauensbeziehung zwischen dem Anwalt und seinem Mandanten zu schlagen, verpflichtet sich LeGan Avocats, das h\u00f6chste Niveau an Transparenz, Ethik und Verschwiegenheit unter strenger Beachtung unserer berufsst\u00e4ndischen Regeln zu wahren. Die Ver\u00f6ffentlichungspraxis der Angeh\u00f6rigen der Kanzlei und die Teilnahme an zahlreichen Konferenzen erm\u00f6glichen es, die st\u00e4ndige Entwicklung des Rechts und der franz\u00f6sischen und internationalen Gesetzgebung zu verfolgen, was dazu beitr\u00e4gt, durch diese kontinuierlichen Aktualisierungen des Kenntnisstandes, jedem Fall die besten Gewinnchancen zu erm\u00f6glichen.[\/vc_column_text][\/vc_column][\/vc_row][vc_row][vc_column][vc_column_text] [\/vc_column_text][\/vc_column][\/vc_row][vc_row bg_color=&#8220;#f2f2f2&#8243; top_padding=&#8220;30&#8243; bottom_padding=&#8220;30&#8243;][vc_column width=&#8220;1\/3&#8243;][\/vc_column][vc_column width=&#8220;2\/3&#8243;][vc_column_text]Jede Leistung wird unter eine schriftliche Honorarvereinbarung zwischen der Kanzlei und dem Mandanten gestellt. Gem\u00e4\u00df Artikel 11.2 der Ordnung der Rechtsanwaltskammer Paris (R\u00e8glement int\u00e9rieur du Barreau de Paris) berechnet LeGan Avocats seine Leistungen auf der Grundlage von Honoraren, die die Art und die Schwierigkeit der Angelegenheit, die Erfahrung und die Eigenschaften der Sachbearbeiter, die Komplexit\u00e4t und die fachliche Schwierigkeit des entsprechenden Rechtsgebietes, der Anfall von Kosten und Auslagen f\u00fcr die Kanzlei, die finanzielle Lage des Mandanten, die Vorteile und Ergebnisse welche dem Mandanten aufgrund der Arbeit der Kanzlei zugutekommen, die aufgewendete Arbeitszeit und die Recherchearbeiten, in Betracht ziehen.[\/vc_column_text][\/vc_column][vc_column width=&#8220;1\/3&#8243;][\/vc_column][\/vc_row][vc_row top_padding=&#8220;30&#8243; bottom_padding=&#8220;30&#8243;][vc_column [&hellip;]\" \/>\n<meta property=\"og:url\" content=\"https:\/\/lemore-legal.com\/de\/philosophie\" \/>\n<meta property=\"og:site_name\" content=\"LEGAN AVOCATS\" \/>\n<meta property=\"article:modified_time\" content=\"2019-12-29T20:59:48+00:00\" \/>\n<meta name=\"twitter:card\" content=\"summary\" \/>\n<meta name=\"twitter:label1\" content=\"Gesch\u00e4tzte Lesezeit\" \/>\n\t<meta name=\"twitter:data1\" content=\"2\u00a0Minuten\" \/>\n<script type=\"application\/ld+json\" class=\"yoast-schema-graph\">{\"@context\":\"https:\/\/schema.org\",\"@graph\":[{\"@type\":\"WebSite\",\"@id\":\"https:\/\/lemore-legal.com\/#website\",\"url\":\"https:\/\/lemore-legal.com\/\",\"name\":\"LEGAN AVOCATS\",\"description\":\"\",\"potentialAction\":[{\"@type\":\"SearchAction\",\"target\":{\"@type\":\"EntryPoint\",\"urlTemplate\":\"https:\/\/lemore-legal.com\/?s={search_term_string}\"},\"query-input\":\"required name=search_term_string\"}],\"inLanguage\":\"de\"},{\"@type\":\"WebPage\",\"@id\":\"https:\/\/lemore-legal.com\/de\/philosophie#webpage\",\"url\":\"https:\/\/lemore-legal.com\/de\/philosophie\",\"name\":\"Philosophie - LEGAN AVOCATS\",\"isPartOf\":{\"@id\":\"https:\/\/lemore-legal.com\/#website\"},\"datePublished\":\"2018-06-26T19:23:43+00:00\",\"dateModified\":\"2019-12-29T20:59:48+00:00\",\"breadcrumb\":{\"@id\":\"https:\/\/lemore-legal.com\/de\/philosophie#breadcrumb\"},\"inLanguage\":\"de\",\"potentialAction\":[{\"@type\":\"ReadAction\",\"target\":[\"https:\/\/lemore-legal.com\/de\/philosophie\"]}]},{\"@type\":\"BreadcrumbList\",\"@id\":\"https:\/\/lemore-legal.com\/de\/philosophie#breadcrumb\",\"itemListElement\":[{\"@type\":\"ListItem\",\"position\":1,\"name\":\"Accueil\",\"item\":\"https:\/\/lemore-legal.com\/de\"},{\"@type\":\"ListItem\",\"position\":2,\"name\":\"Philosophie\"}]}]}<\/script>\n<!-- \/ Yoast SEO plugin. -->","_links":{"self":[{"href":"https:\/\/lemore-legal.com\/de\/wp-json\/wp\/v2\/pages\/528","targetHints":{"allow":["GET"]}}],"collection":[{"href":"https:\/\/lemore-legal.com\/de\/wp-json\/wp\/v2\/pages"}],"about":[{"href":"https:\/\/lemore-legal.com\/de\/wp-json\/wp\/v2\/types\/page"}],"author":[{"embeddable":true,"href":"https:\/\/lemore-legal.com\/de\/wp-json\/wp\/v2\/users\/1"}],"replies":[{"embeddable":true,"href":"https:\/\/lemore-legal.com\/de\/wp-json\/wp\/v2\/comments?post=528"}],"version-history":[{"count":6,"href":"https:\/\/lemore-legal.com\/de\/wp-json\/wp\/v2\/pages\/528\/revisions"}],"predecessor-version":[{"id":887,"href":"https:\/\/lemore-legal.com\/de\/wp-json\/wp\/v2\/pages\/528\/revisions\/887"}],"wp:attachment":[{"href":"https:\/\/lemore-legal.com\/de\/wp-json\/wp\/v2\/media?parent=528"}],"curies":[{"name":"wp","href":"https:\/\/api.w.org\/{rel}","templated":true}]}}