{"id":499,"date":"2018-06-25T14:00:47","date_gmt":"2018-06-25T14:00:47","guid":{"rendered":"http:\/\/lemore-legal.com\/?page_id=499"},"modified":"2019-12-30T21:06:13","modified_gmt":"2019-12-30T21:06:13","slug":"uber-uns","status":"publish","type":"page","link":"https:\/\/lemore-legal.com\/de\/uber-uns","title":{"rendered":"\u00dcber uns"},"content":{"rendered":"<p>[vc_row top_padding=&#8220;30&#8243; bottom_padding=&#8220;30&#8243;][vc_column width=&#8220;1\/3&#8243;]<h1 class=\"headline font-inherit fontsize-l fontweight-inherit lh-inherit align-left transform-inherit \" style=\"margin: 0 0 20px 0; color: #000000;\">Unsere Kanzlei<\/h1><div class=\"divider divider5\" style='margin:0px 0 0px 0 !important;'><\/div>[\/vc_column][vc_column width=&#8220;2\/3&#8243;][vc_column_text]LeGan Avocats ist eine in Paris gegr\u00fcndete Anwaltskanzlei, die Unternehmen und Privatleute in Frankreich und international unterst\u00fctzt und ber\u00e4t. Bei einer \u00fcberschaubaren Gr\u00f6\u00dfe bietet LeGan Avocats seinen Mandanten eine pers\u00f6nliche Betreuung nach Ma\u00df an, die auf einem st\u00e4ndigen Dialog, Vertrauen und der Erfahrung des Teams begr\u00fcndet ist.<\/p>\n<p>Auf der soliden Grundlage eines dichten Netzes aus im juristischen Bereich t\u00e4tigen Dienstleistern (Notare, Gerichtsvollzieher, Wirtschaftspr\u00fcfern und Steuerberatern) in Frankreich und im Ausland. Dank der Zugeh\u00f6rigkeit zu mehreren Vereinigungen von internationalen Rechtsanw\u00e4lten, ist die Kanzlei in der Lage, schnell und effektiv ein interdisziplin\u00e4res und internationales Team zusammenzustellen um ihre Mandanten bei ihren Transaktionen und transnationalen F\u00e4llen auf h\u00f6chstem Anforderungsniveau behilflich zu sein.[\/vc_column_text][\/vc_column][\/vc_row][vc_row][vc_column bg_color=&#8220;#002fa7&#8243; width=&#8220;1\/2&#8243;]<div class=\"iconbox  wpb_content_element iconbox-style-3 icon-color-accent color-dark\"><img src='https:\/\/lemore-legal.com\/wp-content\/uploads\/2017\/01\/guillemets_blanc51.png' class='iconimg' \/><h3><\/h3><p>\n<p style=\"padding: 0px 5%; margin: 0px 0px 14px; font-size: 20px; font-weight: 600; text-align: center; color: #ffffff;\">\u201eRechtsanwalt sein bedeutet vor allem, Br\u00fccken zwischen den Menschen zu schlagen.\u201c<\/p>\n<\/p><\/div>[\/vc_column][vc_column column_padding=&#8220;padding-2&#8243; column_center=&#8220;true&#8220; width=&#8220;1\/2&#8243;][vc_column_text]Weil der Anwaltsberuf vor allem bedeutet, Br\u00fccken zwischen Menschen, L\u00e4ndern und ihren Rechtsordnungen unter W\u00fcrdigung der Vertrauensbeziehung zwischen dem Anwalt und seinem Mandanten zu schlagen, verpflichtet sich LeGan Avocats, das h\u00f6chste Niveau an Transparenz, Ethik und Verschwiegenheit unter strenger Beachtung unserer berufsst\u00e4ndischen Regeln zu wahren.<br \/>\nDie Ver\u00f6ffentlichungspraxis der Angeh\u00f6rigen der Kanzlei und die Teilnahme an zahlreichen Konferenzen erm\u00f6glichen es, die st\u00e4ndige Entwicklung des Rechts und der franz\u00f6sischen und internationalen Gesetzgebung zu verfolgen, was dazu beitr\u00e4gt, durch diese kontinuierlichen Aktualisierungen des Kenntnisstandes, jedem Fall die besten Gewinnchancen zu erm\u00f6glichen.[\/vc_column_text][\/vc_column][\/vc_row][vc_row bg_color=&#8220;#f9f9f9&#8243; top_padding=&#8220;50&#8243; bottom_padding=&#8220;50&#8243;][vc_column width=&#8220;1\/3&#8243;]<h1 class=\"headline font-inherit fontsize-l fontweight-inherit lh-inherit align-left transform-inherit \" style=\"margin: 0 0 20px 0; color: #000000;\">Internationales<\/h1><div class=\"divider divider5\" style='margin:0px 0 0px 0 !important;'><\/div>[\/vc_column][vc_column width=&#8220;2\/3&#8243;][vc_column_text]LeGan Avocats ist eine Kanzlei mit internationaler Ausrichtung, die insbesondere Verbindungen nach Deutschland und anderen deutschsprachigen L\u00e4ndern unterh\u00e4lt.<\/p>\n<p>Die bevorzugten Vertrauensverh\u00e4ltnisse, die die Kanzlei mit seinen ausl\u00e4ndischen Partnern vereinen, erlauben eine effiziente Betreuung des Mandanten dank eines multidisziplin\u00e4ren und internationalen Teams, welches in der Lage ist, sich auf die Besonderheiten eines grenz\u00fcberschreitenden Falles anzupassen und das in voller Transparenz.<\/p>\n<p>LeGan Avocats ist insbesondere Mitglied im europ\u00e4ischen und internationalen Anwaltsnetzwerk United Legal Network sowie dem weltweiten Anwaltsnetzwerk AIJA.<\/p>\n<p>In Frankreich ist LeGan Avocats Mitglied in der &#8222;Association Fran\u00e7aise des Etudes de concurrence&#8220; AFEC (Franz\u00f6sische Vereinigung der Wettbewerbsstudien)\u00a0 und des Deutsch-Franz\u00f6sischen Ausschusses der Pariser Rechtsanwaltskammer.<\/p>\n<p>Die Kanlzei tritt in franz\u00f6sischer, englischer und deutscher Sprache auf.[\/vc_column_text][\/vc_column][\/vc_row]<\/p>\n","protected":false},"excerpt":{"rendered":"<p>[vc_row top_padding=&#8220;30&#8243; bottom_padding=&#8220;30&#8243;][vc_column width=&#8220;1\/3&#8243;][\/vc_column][vc_column width=&#8220;2\/3&#8243;][vc_column_text]LeGan Avocats ist eine in Paris gegr\u00fcndete Anwaltskanzlei, die Unternehmen und Privatleute in Frankreich und international unterst\u00fctzt und ber\u00e4t. Bei einer \u00fcberschaubaren Gr\u00f6\u00dfe bietet LeGan Avocats seinen Mandanten eine pers\u00f6nliche Betreuung nach Ma\u00df an, die auf einem st\u00e4ndigen Dialog, Vertrauen und der Erfahrung des Teams begr\u00fcndet ist. Auf der soliden Grundlage eines dichten Netzes aus im juristischen Bereich t\u00e4tigen Dienstleistern (Notare, Gerichtsvollzieher, Wirtschaftspr\u00fcfern und Steuerberatern) in Frankreich und im Ausland. Dank der Zugeh\u00f6rigkeit zu mehreren Vereinigungen von internationalen Rechtsanw\u00e4lten, ist die Kanzlei in der Lage, schnell und effektiv ein interdisziplin\u00e4res und internationales Team zusammenzustellen um ihre Mandanten bei ihren Transaktionen und transnationalen F\u00e4llen auf h\u00f6chstem Anforderungsniveau behilflich zu sein.[\/vc_column_text][\/vc_column][\/vc_row][vc_row][vc_column bg_color=&#8220;#002fa7&#8243; width=&#8220;1\/2&#8243;][\/vc_column][vc_column column_padding=&#8220;padding-2&#8243; column_center=&#8220;true&#8220; width=&#8220;1\/2&#8243;][vc_column_text]Weil der Anwaltsberuf vor allem bedeutet, Br\u00fccken zwischen Menschen, L\u00e4ndern und ihren Rechtsordnungen unter W\u00fcrdigung der Vertrauensbeziehung zwischen dem Anwalt und seinem Mandanten zu schlagen, verpflichtet sich LeGan Avocats, das h\u00f6chste Niveau an Transparenz, Ethik und Verschwiegenheit unter strenger Beachtung unserer berufsst\u00e4ndischen Regeln zu wahren. Die Ver\u00f6ffentlichungspraxis der Angeh\u00f6rigen der Kanzlei und die Teilnahme an zahlreichen Konferenzen erm\u00f6glichen es, die st\u00e4ndige Entwicklung des Rechts und der franz\u00f6sischen und internationalen Gesetzgebung zu verfolgen, was dazu beitr\u00e4gt, durch diese kontinuierlichen Aktualisierungen des Kenntnisstandes, jedem Fall [&hellip;]<\/p>\n","protected":false},"author":1,"featured_media":0,"parent":0,"menu_order":1,"comment_status":"closed","ping_status":"closed","template":"","meta":{"footnotes":""},"class_list":["post-499","page","type-page","status-publish","hentry"],"yoast_head":"<!-- This site is optimized with the Yoast SEO plugin v16.6 - https:\/\/yoast.com\/wordpress\/plugins\/seo\/ -->\n<meta name=\"robots\" content=\"index, follow, max-snippet:-1, max-image-preview:large, max-video-preview:-1\" \/>\n<link rel=\"canonical\" href=\"https:\/\/lemore-legal.com\/de\/uber-uns\" \/>\n<meta property=\"og:locale\" content=\"de_DE\" \/>\n<meta property=\"og:type\" content=\"article\" \/>\n<meta property=\"og:title\" content=\"\u00dcber uns - LEGAN AVOCATS\" \/>\n<meta property=\"og:description\" content=\"[vc_row top_padding=&#8220;30&#8243; bottom_padding=&#8220;30&#8243;][vc_column width=&#8220;1\/3&#8243;][\/vc_column][vc_column width=&#8220;2\/3&#8243;][vc_column_text]LeGan Avocats ist eine in Paris gegr\u00fcndete Anwaltskanzlei, die Unternehmen und Privatleute in Frankreich und international unterst\u00fctzt und ber\u00e4t. Bei einer \u00fcberschaubaren Gr\u00f6\u00dfe bietet LeGan Avocats seinen Mandanten eine pers\u00f6nliche Betreuung nach Ma\u00df an, die auf einem st\u00e4ndigen Dialog, Vertrauen und der Erfahrung des Teams begr\u00fcndet ist. Auf der soliden Grundlage eines dichten Netzes aus im juristischen Bereich t\u00e4tigen Dienstleistern (Notare, Gerichtsvollzieher, Wirtschaftspr\u00fcfern und Steuerberatern) in Frankreich und im Ausland. Dank der Zugeh\u00f6rigkeit zu mehreren Vereinigungen von internationalen Rechtsanw\u00e4lten, ist die Kanzlei in der Lage, schnell und effektiv ein interdisziplin\u00e4res und internationales Team zusammenzustellen um ihre Mandanten bei ihren Transaktionen und transnationalen F\u00e4llen auf h\u00f6chstem Anforderungsniveau behilflich zu sein.[\/vc_column_text][\/vc_column][\/vc_row][vc_row][vc_column bg_color=&#8220;#002fa7&#8243; width=&#8220;1\/2&#8243;][\/vc_column][vc_column column_padding=&#8220;padding-2&#8243; column_center=&#8220;true&#8220; width=&#8220;1\/2&#8243;][vc_column_text]Weil der Anwaltsberuf vor allem bedeutet, Br\u00fccken zwischen Menschen, L\u00e4ndern und ihren Rechtsordnungen unter W\u00fcrdigung der Vertrauensbeziehung zwischen dem Anwalt und seinem Mandanten zu schlagen, verpflichtet sich LeGan Avocats, das h\u00f6chste Niveau an Transparenz, Ethik und Verschwiegenheit unter strenger Beachtung unserer berufsst\u00e4ndischen Regeln zu wahren. Die Ver\u00f6ffentlichungspraxis der Angeh\u00f6rigen der Kanzlei und die Teilnahme an zahlreichen Konferenzen erm\u00f6glichen es, die st\u00e4ndige Entwicklung des Rechts und der franz\u00f6sischen und internationalen Gesetzgebung zu verfolgen, was dazu beitr\u00e4gt, durch diese kontinuierlichen Aktualisierungen des Kenntnisstandes, jedem Fall [&hellip;]\" \/>\n<meta property=\"og:url\" content=\"https:\/\/lemore-legal.com\/de\/uber-uns\" \/>\n<meta property=\"og:site_name\" content=\"LEGAN AVOCATS\" \/>\n<meta property=\"article:modified_time\" content=\"2019-12-30T21:06:13+00:00\" \/>\n<meta name=\"twitter:card\" content=\"summary\" \/>\n<meta name=\"twitter:label1\" content=\"Gesch\u00e4tzte Lesezeit\" \/>\n\t<meta name=\"twitter:data1\" content=\"2\u00a0Minuten\" \/>\n<script type=\"application\/ld+json\" class=\"yoast-schema-graph\">{\"@context\":\"https:\/\/schema.org\",\"@graph\":[{\"@type\":\"WebSite\",\"@id\":\"https:\/\/lemore-legal.com\/#website\",\"url\":\"https:\/\/lemore-legal.com\/\",\"name\":\"LEGAN AVOCATS\",\"description\":\"\",\"potentialAction\":[{\"@type\":\"SearchAction\",\"target\":{\"@type\":\"EntryPoint\",\"urlTemplate\":\"https:\/\/lemore-legal.com\/?s={search_term_string}\"},\"query-input\":\"required name=search_term_string\"}],\"inLanguage\":\"de\"},{\"@type\":\"WebPage\",\"@id\":\"https:\/\/lemore-legal.com\/de\/uber-uns#webpage\",\"url\":\"https:\/\/lemore-legal.com\/de\/uber-uns\",\"name\":\"\\u00dcber uns - LEGAN AVOCATS\",\"isPartOf\":{\"@id\":\"https:\/\/lemore-legal.com\/#website\"},\"datePublished\":\"2018-06-25T14:00:47+00:00\",\"dateModified\":\"2019-12-30T21:06:13+00:00\",\"breadcrumb\":{\"@id\":\"https:\/\/lemore-legal.com\/de\/uber-uns#breadcrumb\"},\"inLanguage\":\"de\",\"potentialAction\":[{\"@type\":\"ReadAction\",\"target\":[\"https:\/\/lemore-legal.com\/de\/uber-uns\"]}]},{\"@type\":\"BreadcrumbList\",\"@id\":\"https:\/\/lemore-legal.com\/de\/uber-uns#breadcrumb\",\"itemListElement\":[{\"@type\":\"ListItem\",\"position\":1,\"name\":\"Accueil\",\"item\":\"https:\/\/lemore-legal.com\/de\"},{\"@type\":\"ListItem\",\"position\":2,\"name\":\"\\u00dcber uns\"}]}]}<\/script>\n<!-- \/ Yoast SEO plugin. -->","_links":{"self":[{"href":"https:\/\/lemore-legal.com\/de\/wp-json\/wp\/v2\/pages\/499","targetHints":{"allow":["GET"]}}],"collection":[{"href":"https:\/\/lemore-legal.com\/de\/wp-json\/wp\/v2\/pages"}],"about":[{"href":"https:\/\/lemore-legal.com\/de\/wp-json\/wp\/v2\/types\/page"}],"author":[{"embeddable":true,"href":"https:\/\/lemore-legal.com\/de\/wp-json\/wp\/v2\/users\/1"}],"replies":[{"embeddable":true,"href":"https:\/\/lemore-legal.com\/de\/wp-json\/wp\/v2\/comments?post=499"}],"version-history":[{"count":7,"href":"https:\/\/lemore-legal.com\/de\/wp-json\/wp\/v2\/pages\/499\/revisions"}],"predecessor-version":[{"id":898,"href":"https:\/\/lemore-legal.com\/de\/wp-json\/wp\/v2\/pages\/499\/revisions\/898"}],"wp:attachment":[{"href":"https:\/\/lemore-legal.com\/de\/wp-json\/wp\/v2\/media?parent=499"}],"curies":[{"name":"wp","href":"https:\/\/api.w.org\/{rel}","templated":true}]}}